{"id":6,"date":"2014-11-20T13:49:36","date_gmt":"2014-11-20T11:49:36","guid":{"rendered":"http:\/\/www.trauma-and-prostitution.eu\/en\/?page_id=6"},"modified":"2015-02-08T19:27:54","modified_gmt":"2015-02-08T17:27:54","slug":"events","status":"publish","type":"page","link":"https:\/\/www.trauma-and-prostitution.eu\/en\/events\/","title":{"rendered":"Events"},"content":{"rendered":"<h1 style=\"text-align: center;\">Commission on the Status of Women; 9. \u2013 20.03.2015<\/h1>\n<h1 style=\"text-align: center;\">&#8211; UN Headquarter &#8211; New York, USA &#8211;<\/h1>\n<h1><a href=\"https:\/\/www.trauma-and-prostitution.eu\/wp-content\/uploads\/2014\/11\/UN-Women-logo.png\"><img decoding=\"async\" loading=\"lazy\" class=\"alignnone size-medium wp-image-169\" src=\"https:\/\/www.trauma-and-prostitution.eu\/wp-content\/uploads\/2014\/11\/UN-Women-logo-300x139.png\" alt=\"UN-Women-logo\" width=\"300\" height=\"139\" \/><\/a><a href=\"https:\/\/www.trauma-and-prostitution.eu\/wp-content\/uploads\/2014\/11\/csw59.png\"><img decoding=\"async\" loading=\"lazy\" class=\"alignnone size-medium wp-image-167\" src=\"https:\/\/www.trauma-and-prostitution.eu\/wp-content\/uploads\/2014\/11\/csw59-300x141.png\" alt=\"csw59\" width=\"300\" height=\"141\" \/><\/a><\/h1>\n<p>The fifty-ninth session of the Commission on the Status of Women will take place at United Nations Headquarters in New York from 9 to 20 March 2015. Representatives of Member States , UN entities, and ECOSOS-accredited non-governmental organizations (NGO)\u00a0 from all regions of the world attend the session.<\/p>\n<p>Mrs\u00a0<strong>Taina Bien-Aim\u00e9<\/strong>, Executive Director of CATW\u00a0(<a href=\"http:\/\/www.catwinternational.org\/\">http:\/\/www.catwinternational.org\/<\/a>), will moderate following panel:<\/p>\n<p style=\"text-align: center;\"><strong>20 Years After Beijing: Prostitution, Sex Trafficking and the Question of Equality \u00a0 \u00a0 \u00a0 \u00a0 \u00a0 <\/strong><strong style=\"font-size: 1rem; line-height: 1.846153846;\">New Voices, New Models, New Solutions\u00a0<\/strong><\/p>\n<p>Panelists are: <strong>Dr. Ingeborg Kraus<\/strong> (Initiator of the Appeal &#8220;Stop Sexbuying&#8221; of the German Trauma Experts),\u00a0<strong>Rachel Moran<\/strong> (founder and director of SPACE INternational, Author of &#8220;Paid For: My Journey Through Prostitution&#8221;), <strong>Vednita Carter<\/strong> (also a &#8220;Survivor&#8221;, founder and directorof &#8220;Breaking Free&#8221; in Minnesota) und <strong>Dr. Melissa Farley<\/strong> (founder and director of &#8220;Prostitution Research and Education&#8221;).Please look here for further information:<a href=\"http:\/\/www.unwomen.org\/en\/csw\/csw59-2015\"> http:\/\/www.unwomen.org\/en\/csw\/csw59-2015<\/a><\/p>\n<p>&nbsp;<\/p>\n<h2 style=\"text-align: center;\"><strong>International congress for the abolition of prostitution: Stop Sexbuying<\/strong><br \/>\n<strong>From 5th until 7th of December 2014 in munich, <\/strong><br \/>\n<strong>Anton-Fingerle-Zentrum <\/strong><br \/>\n<strong>Schlierseestr. 47.<\/strong><\/h2>\n<p>&nbsp;<\/p>\n<p><img decoding=\"async\" class=\"decoded\" src=\"http:\/\/www.emma.de\/sites\/default\/files\/upload\/field_teaser_image\/2014\/11\/2014_11_14_stop_sexkauf_w.jpg\" alt=\"http:\/\/www.emma.de\/sites\/default\/files\/upload\/field_teaser_image\/2014\/11\/2014_11_14_stop_sexkauf_w.jpg\" \/><\/p>\n<p style=\"text-align: justify;\"><strong>Why this congress?<\/strong><br \/>\nDuring our intensive analysis of prostitution and society and in our efforts to find solutions that looks to women\u2019s interests, we in KOFRA have<br \/>\n1. founded a working group<br \/>\n2. organized and hosted information and discussion events<br \/>\n3. begun networking on local, national and European level with organisations, groups and people who want the abolition of prostitution on the lines of the Swedish\/Nordic model, the prohibition of the purchase of sex<br \/>\nOur view and our aim are based on the following analyses and perspectives:<br \/>\n<strong>1. Prostitution is an obstacle to equality<\/strong><br \/>\nThe sexual use of a woman\u2019s body for money lastingly prevents equal relationships between the sexes. The existence of prostitution creates a male awareness, that the sexual use of women is purchasable and permitted by society. An equal relationship between men and women is precluded here, boys and men do not learn to adequately communicate with women, to cooperate, to agree on shared desires. Their own sexual wishes dominate, are viewed as legitimate, taught early and may at any time and in any form be satisfied, for a few euros. This locks both women\u2019s and men\u2019s roles in society in the traditional, hierarchical patterns of dominance and submission, that we all believed to be overcome.<br \/>\n<strong>2. Prostitution is violence against women<\/strong><br \/>\nWomen in prostitution experience the use of their bodies by unknown men between once and 20 to 30 times a day. Together with Sweden we view this reality as violence against women. An event offering information and raising awareness as regards the concrete situation of these women and the physical, psychological and mental consequences for them is absolutely necessary. Women who have succeeded in exiting prostitution are increasingly voicing their experiences. They report having to dissociate their feelings and reactions, having to function like a machine in order to go through the degradation and pains that they are subjected to by constant vaginal, anal and oral penetration. They report having learned this technique of dissociation through childhood violence. They hoped to finally gain control of the situation and thus power by repeating the trauma as an independent decision. The opposite then happens: the trauma is perpetuated by recurrent repetition.<br \/>\nIn a society that denies women possibilities of jobs and satisfactory and adequately paid career choices that are compatible with their situations in life makes prostitution appear an easily accessible escape route: fast money when money is low, and the damages are denied.<br \/>\nThe congress informs on the realities of prostitution, the high risks born by the women, the intense violence perpetrated by the punters. It counters the prostitution myths by reality and clarifies that the purchase of sex must not be legal.<\/p>\n<p style=\"text-align: justify;\"><strong>Programme:<\/strong><\/p>\n<p style=\"text-align: justify;\"><span style=\"text-decoration: underline;\">In the Foyer:<\/span><br \/>\n<span style=\"text-decoration: underline;\">Exhibition:<\/span> Myths, Reality and the Consequences for the society<br \/>\n<span style=\"text-decoration: underline;\">Films:<\/span> Rita Knobel-Ulrich: \u201cTrafficking in human beings in Europe\u201d, Marion Leonie Pfeifer: \u201cTime of the Nameless\u201d a.o.<br \/>\nInformations, Books, Projects\u2026.<\/p>\n<p style=\"text-align: justify;\"><span style=\"text-decoration: underline;\">Friday, 5.12. 2014<\/span><br \/>\n17.00 to 21.00 o\u00b4clock in the plenary room:<br \/>\nOpening of the congress,<br \/>\nwelcome to the guests and participants<br \/>\nwords of welcome:<br \/>\nMrs. Christine Strobl, 3. major of the City of Munich<br \/>\nMrs Gunilla Ekberg, Swedish-Canadian human rights lawyer, activist and international ex- pert on human rights, gender equality, and trafficking in human beings.<br \/>\nMs. Mary Honeyball, member of the European Parliament<br \/>\nDr. Dorothee Schlegel, member of the German Parliament, SPD<br \/>\nFlorence Hubert, Terre des Femmes<br \/>\nPierrette Pape, European Women\u00b4s Lobby<br \/>\nKathleen Barry, Abolish Prostitution Now<br \/>\nLea Ackermann, Solwodi<br \/>\nHonoration of Alice Schwarzer and her great struggle against prostitution und pornography<br \/>\nLecture on the reality and the risks of prostitution. The consequences on our societies, the destruction of gender equality (Dr. Anita Heiliger)<br \/>\nSpeech of Dr. Kathleen Barry, Kalifornia\/USA<br \/>\nSurvivors of Prostitution speak about their fight against prostitution (Rachel Moran, and Tanja Rahm, SPACE International)<br \/>\nPerformance of the radical group FEMEN<br \/>\nFilmspots: \u201cGirls going wild in red light district\u201d and \u201cCampaign against prostitution\u201d, EWL<\/p>\n<p style=\"text-align: justify;\"><em>21.00 to 23.00<\/em> launch-Room: Coming together<\/p>\n<p style=\"text-align: justify;\"><span style=\"text-decoration: underline;\">Saturday, 6.12.<\/span><br \/>\n<em>9.30.00-17.30<\/em> o\u00b4clock workshops in Discussion Rooms:<br \/>\n<em>9.30 \u2013 12.30:<\/em><br \/>\n1. The Reality of Prostitution: Survivors tell the truth<br \/>\nRachel Moran, Space International, Dublin<br \/>\nTanja Rahm, Denmark<br \/>\n\u201cMarie\u201d, Germany<br \/>\nJana Koch-Krawczak, Germany<\/p>\n<p style=\"text-align: justify;\">2.The Swedish\/model: what it is and how it works<br \/>\nAnna Skarhed, chancellor of justice, sweden<br \/>\nGunilla Ekberg, lawyer, Swedish Government&#8217;s expert on prostitution and trafficking in human beings.<br \/>\nSimon H\u00e4ggstr\u00f6m, police officer, Sweden<br \/>\nAgnete Str\u00f6m, Kvinnefronten, norway<\/p>\n<p style=\"text-align: justify;\">3. The Prostitutionlobby: myths and influences on the society<br \/>\nDr. Inge Kleine, teacher and activist, munich<br \/>\nSabine Constabel, social worker, Stuttgart<br \/>\nChantal Louis, EMMA-journalist<\/p>\n<p style=\"text-align: justify;\">4. Politicians for the criminalisation of the punter<br \/>\nDorothee Schlegel, member of the german parliament, SPD<br \/>\nMary Honeyball, EU Parliament, Committee on Women\u2019s Rights and Gender Equality<br \/>\nIsabel Fezer, Mayor of Stuttgart, FDP<br \/>\nManuela Schon, LINKE, City of Wiesbaden<\/p>\n<p style=\"text-align: justify;\">5. Law-Discussion: how to enforce the Nordic model in Germany?<br \/>\nProf. Dr. Rahel Gugel, lawyer at the \u201cDuale Hochschule Baden-W\u00fcrttemberg\u201d<br \/>\nProf. Dr. Susanne Nothhafft, lawyer at the catholic university of applied science,<br \/>\nmunich<br \/>\nSeyran Ates, advocat, Berlin<\/p>\n<p style=\"text-align: justify;\">6. Men against Prostitution<br \/>\nPatric Jean, Zero Macho, France<br \/>\nGerhard Sch\u00f6nborn, Zero Macho Germany<br \/>\nTobias AIFF, Zero Macho Germany<\/p>\n<p style=\"text-align: justify;\"><em>14.30-17.30:<\/em><\/p>\n<p style=\"text-align: justify;\">7. Trauma. Traumatisation as cause and consequences of prostitution.<br \/>\nDr. Muriel Salmona, Psychotraumatologin, Paris<br \/>\nMichaela Huber, Psychotraumatology, Kassel<br \/>\nDr. Ingeborg Kraus, psychologist, Karlsruhe<br \/>\nTanja Rahm, survivor and therapist, danmark<\/p>\n<p style=\"text-align: justify;\">8. European Initiatives for the \u201cnordic model\u201d<br \/>\nMary Honeyball, EU Parliament, Committee on Women\u2019s Rights and Gender Equality<br \/>\nPierrette Pape, Policy Officer and Project Coordinator European Women\u2019s Lobby, Brussels, \u201cBrussels Call\u201d<br \/>\nRachel Moran, Survivor, SPACE international<br \/>\nAndrea Matolcsi, Equality Now, London<br \/>\nAnita Kienesberger, \u201cFeministischer Diskurs\u201d, Vienna, Austria, \u201eStopp Sexkauf\u201c<br \/>\nSandrine Goldschmidt, mouvement du nid, abolition 2012, France<\/p>\n<p style=\"text-align: justify;\">9. Initiatives in Germany for criminalisation of the punter<br \/>\nLea Ackermann, Solwodi, appeal \u201cMach den Schluss-Strich!\u201c<br \/>\nUlrike Maier, appeal of Karlsruhe<br \/>\nAlice Schwarzer\/Chantal Louis, EMMA-appeal<br \/>\nInge Hauschildt-Sch\u00f6n, Initiative against a mega brothel, Marburg<br \/>\nInge Kleine, Abolition 2014, \u201eStop Sexkauf\u201c<\/p>\n<p style=\"text-align: justify;\">10. The perpective of the police regarding the criminalisation of the punters<br \/>\nManfred Paulus, first detective inspector, decommissioned, Author, Ulm<br \/>\nHelmut Sporer, Judicial Police, Augsburg<br \/>\nSimon H\u00e4ggstr\u00f6m, police officer from the Prostitution Unit of the Stockholm Police, Sweden<\/p>\n<p style=\"text-align: justify;\">11. The media and the criminalisation of the punter<br \/>\nRita Knobel-Ulrich, Journalist, Filmproduction, Hamburg<br \/>\nMaria v. Welser, Journalist, Radio and televison, Hamburg<br \/>\nChantal Louis, Journalist EMMA, K\u00f6ln<br \/>\nSabrina Hoffmann, Journalist Huffington Post, M\u00fcnchen<\/p>\n<p style=\"text-align: justify;\"><em>18.00-19.30:<\/em><br \/>\nPlenary Diskcussion: Prostitution und Feminism<br \/>\nKathleen Barry, San Francisco, Abolish Prostitution Now<br \/>\nRachel Moran, Ireland, SPACE International<br \/>\nAgnete Str\u00f6m, Norway, Kvinnefronten<br \/>\nGunilla Ekberg, sweden, activist against prostitution in several countries<\/p>\n<p style=\"text-align: justify;\"><em>20-22.00:<\/em> Launch Room, coming together, networking<\/p>\n<p style=\"text-align: justify;\"><span style=\"text-decoration: underline;\">Sunday, 7.12.2014<\/span><\/p>\n<p style=\"text-align: justify;\">10-14.00 o\u00b4clock: plenary speeches and discussions about the consequences of the congress with all the representatives from the workshops (Mary Honeyball, Pierrette Pape, Chantal Louis, Dorothee Schlegel, Muriel Salmona, Helmut Sporer, Michaela Huber, Sabine Constabel, Patric Jean, Rachel Moran, Anna Skarhead, Ulrike Maier, Gunilla Ekberg, Lea Ackermann\u2026)<\/p>\n<p><strong>Place:<\/strong><br \/>\nAnton-Fingerle-Zentrum, Schlierseestra\u00dfe 47, 81539 M\u00fcnchen<\/p>\n<p style=\"text-align: justify;\"><strong>Sponsors:<\/strong><br \/>\nSozialreferat M\u00fcnchen\/Kofra, Erika Wisselinck Nachlass gemGmbH, European Women\u00b4s Lobby, Autonomes Feministisches Forum, Solwodi, Frauengleichstellungsstelle, Kulturreferat M\u00fcnchen, catholic university of applied science, indivual donations\u2026.\u2026<\/p>\n<p style=\"text-align: justify;\"><strong>Partners:<\/strong><br \/>\nLandeshauptstadt M\u00fcnchen: Sozialreferat,Frauengleichstellungsstelle, Kulturreferat; B\u00fcndnis Aktiv gegen M\u00e4nnergewalt, Solwodi, Frauentherapiezentrum, Verlag Frauenoffensive, AUFF \u2013 Autonomes Feministisches Forum, Giesinger M\u00e4dchentreff, Terre des Femmes, medica mondiale, European Women\u2019s Lobby (EWL), Equality Now, KARO e.V., Maisha e.V., schwedische Botschaft Berlin, BI gegen Gro\u00dfbordell Marburg, SPACE International, abolition 2014, Karlsruher Appell, women\u2019s projects throughout Germany, many more\u2026<\/p>\n","protected":false},"excerpt":{"rendered":"<p>Commission on the Status of Women; 9. \u2013 20.03.2015 &#8211; UN Headquarter &#8211; New York, USA &#8211; The fifty-ninth session of the Commission on the Status of Women will take place at United Nations Headquarters in New York from 9 to 20 March 2015. Representatives of Member States , UN entities, and ECOSOS-accredited non-governmental organizations [&hellip;]<\/p>\n","protected":false},"author":1,"featured_media":0,"parent":0,"menu_order":3,"comment_status":"closed","ping_status":"closed","template":"","meta":[],"_links":{"self":[{"href":"https:\/\/www.trauma-and-prostitution.eu\/en\/wp-json\/wp\/v2\/pages\/6"}],"collection":[{"href":"https:\/\/www.trauma-and-prostitution.eu\/en\/wp-json\/wp\/v2\/pages"}],"about":[{"href":"https:\/\/www.trauma-and-prostitution.eu\/en\/wp-json\/wp\/v2\/types\/page"}],"author":[{"embeddable":true,"href":"https:\/\/www.trauma-and-prostitution.eu\/en\/wp-json\/wp\/v2\/users\/1"}],"replies":[{"embeddable":true,"href":"https:\/\/www.trauma-and-prostitution.eu\/en\/wp-json\/wp\/v2\/comments?post=6"}],"version-history":[{"count":9,"href":"https:\/\/www.trauma-and-prostitution.eu\/en\/wp-json\/wp\/v2\/pages\/6\/revisions"}],"predecessor-version":[{"id":128,"href":"https:\/\/www.trauma-and-prostitution.eu\/en\/wp-json\/wp\/v2\/pages\/6\/revisions\/128"}],"wp:attachment":[{"href":"https:\/\/www.trauma-and-prostitution.eu\/en\/wp-json\/wp\/v2\/media?parent=6"}],"curies":[{"name":"wp","href":"https:\/\/api.w.org\/{rel}","templated":true}]}}