{"id":14,"date":"2014-11-20T13:46:45","date_gmt":"2014-11-20T11:46:45","guid":{"rendered":"http:\/\/www.trauma-and-prostitution.eu\/fr\/?page_id=14"},"modified":"2015-01-25T21:28:08","modified_gmt":"2015-01-25T19:28:08","slug":"que-voullons-nous","status":"publish","type":"page","link":"https:\/\/www.trauma-and-prostitution.eu\/fr\/que-voullons-nous\/","title":{"rendered":"Que voullons nous?"},"content":{"rendered":"<ul>\n<li>Informer sur la r\u00e9alit\u00e9 de la prostitution et ses effets nocifs sur la sant\u00e9.<\/li>\n<li>Informer sur l\u2019impact sociale de la l\u00e9galisation de la prostitution.<\/li>\n<li>Mettre en lumi\u00e8re la pr\u00e9sence et la voix des psychotraumatologues.<\/li>\n<li>Promouvoir les textes et \u00e9tudes scientifiques sur la prostitution.<\/li>\n<li>Abolir la prostitution.<\/li>\n<li>L\u2019achat de sexe n\u2019a pas le droit d\u2019\u00eatre permis.<\/li>\n<\/ul>\n","protected":false},"excerpt":{"rendered":"<p>Informer sur la r\u00e9alit\u00e9 de la prostitution et ses effets nocifs sur la sant\u00e9. Informer sur l\u2019impact sociale de la l\u00e9galisation de la prostitution. Mettre en lumi\u00e8re la pr\u00e9sence et la voix des psychotraumatologues. Promouvoir les textes et \u00e9tudes scientifiques sur la prostitution. Abolir la prostitution. L\u2019achat de sexe n\u2019a pas le droit d\u2019\u00eatre permis.<\/p>\n","protected":false},"author":1,"featured_media":0,"parent":0,"menu_order":7,"comment_status":"closed","ping_status":"closed","template":"","meta":[],"_links":{"self":[{"href":"https:\/\/www.trauma-and-prostitution.eu\/fr\/wp-json\/wp\/v2\/pages\/14"}],"collection":[{"href":"https:\/\/www.trauma-and-prostitution.eu\/fr\/wp-json\/wp\/v2\/pages"}],"about":[{"href":"https:\/\/www.trauma-and-prostitution.eu\/fr\/wp-json\/wp\/v2\/types\/page"}],"author":[{"embeddable":true,"href":"https:\/\/www.trauma-and-prostitution.eu\/fr\/wp-json\/wp\/v2\/users\/1"}],"replies":[{"embeddable":true,"href":"https:\/\/www.trauma-and-prostitution.eu\/fr\/wp-json\/wp\/v2\/comments?post=14"}],"version-history":[{"count":7,"href":"https:\/\/www.trauma-and-prostitution.eu\/fr\/wp-json\/wp\/v2\/pages\/14\/revisions"}],"predecessor-version":[{"id":101,"href":"https:\/\/www.trauma-and-prostitution.eu\/fr\/wp-json\/wp\/v2\/pages\/14\/revisions\/101"}],"wp:attachment":[{"href":"https:\/\/www.trauma-and-prostitution.eu\/fr\/wp-json\/wp\/v2\/media?parent=14"}],"curies":[{"name":"wp","href":"https:\/\/api.w.org\/{rel}","templated":true}]}}