{"id":21,"date":"2014-11-20T16:57:17","date_gmt":"2014-11-20T14:57:17","guid":{"rendered":"http:\/\/www.trauma-and-prostitution.eu\/fr\/?page_id=21"},"modified":"2015-01-25T21:27:07","modified_gmt":"2015-01-25T19:27:07","slug":"qui-sommes-nous","status":"publish","type":"page","link":"https:\/\/www.trauma-and-prostitution.eu\/fr\/qui-sommes-nous\/","title":{"rendered":"Qui sommes nous?"},"content":{"rendered":"<p style=\"text-align: justify;\">Des Psychotraumatologues de premier plan ont suivie le manifeste de Mme la Dr. Ingeborg Kraus pour d\u00e9noncer les effets extr\u00eamement nocifs du syst\u00e8me prostitution. Ils demandent clairement une interdiction \u00e0 l\u00b4achat de sexe de facon conforme au mod\u00e8le su\u00e9dois.<\/p>\n<p style=\"text-align: justify;\">Cette initiative s\u00b4est d\u00e9velopp\u00e9e en tr\u00e8s peu de temps en un r\u00e9seau Europ\u00e9en d\u00b4expertes et d\u00b4experts qui veulent se prononcer sur la probl\u00e9matique de la prostitution.<\/p>\n<p style=\"text-align: justify;\">Ce site \u00e0 l\u00b4intention de donner une visibilit\u00e9 \u00e0\u00a0ces voix.<\/p>\n","protected":false},"excerpt":{"rendered":"<p>Des Psychotraumatologues de premier plan ont suivie le manifeste de Mme la Dr. Ingeborg Kraus pour d\u00e9noncer les effets extr\u00eamement nocifs du syst\u00e8me prostitution. Ils demandent clairement une interdiction \u00e0 l\u00b4achat de sexe de facon conforme au mod\u00e8le su\u00e9dois. Cette initiative s\u00b4est d\u00e9velopp\u00e9e en tr\u00e8s peu de temps en un r\u00e9seau Europ\u00e9en d\u00b4expertes et d\u00b4experts [&hellip;]<\/p>\n","protected":false},"author":1,"featured_media":0,"parent":0,"menu_order":6,"comment_status":"closed","ping_status":"closed","template":"","meta":[],"_links":{"self":[{"href":"https:\/\/www.trauma-and-prostitution.eu\/fr\/wp-json\/wp\/v2\/pages\/21"}],"collection":[{"href":"https:\/\/www.trauma-and-prostitution.eu\/fr\/wp-json\/wp\/v2\/pages"}],"about":[{"href":"https:\/\/www.trauma-and-prostitution.eu\/fr\/wp-json\/wp\/v2\/types\/page"}],"author":[{"embeddable":true,"href":"https:\/\/www.trauma-and-prostitution.eu\/fr\/wp-json\/wp\/v2\/users\/1"}],"replies":[{"embeddable":true,"href":"https:\/\/www.trauma-and-prostitution.eu\/fr\/wp-json\/wp\/v2\/comments?post=21"}],"version-history":[{"count":9,"href":"https:\/\/www.trauma-and-prostitution.eu\/fr\/wp-json\/wp\/v2\/pages\/21\/revisions"}],"predecessor-version":[{"id":100,"href":"https:\/\/www.trauma-and-prostitution.eu\/fr\/wp-json\/wp\/v2\/pages\/21\/revisions\/100"}],"wp:attachment":[{"href":"https:\/\/www.trauma-and-prostitution.eu\/fr\/wp-json\/wp\/v2\/media?parent=21"}],"curies":[{"name":"wp","href":"https:\/\/api.w.org\/{rel}","templated":true}]}}