{"id":25,"date":"2014-12-03T13:54:08","date_gmt":"2014-12-03T11:54:08","guid":{"rendered":"http:\/\/www.trauma-and-prostitution.eu\/fr\/?page_id=25"},"modified":"2020-03-25T19:26:56","modified_gmt":"2020-03-25T17:26:56","slug":"les-signataires","status":"publish","type":"page","link":"https:\/\/www.trauma-and-prostitution.eu\/fr\/les-signataires\/","title":{"rendered":"Les signataires"},"content":{"rendered":"<ol>\n<li>Dr. Ingeborg Kraus, Dipl.- Psych., Psychologische Psychotherapeutin, Initiatorin des Appells, Praxis f\u00fcr Erwachsenentherapie, Karlsruhe.<\/li>\n<li>Michaela Huber, Dipl.-Psych., Psychologische Psychotherapeutin, Erstunterzeichnerin, Vorsitzende der Deutschen Gesellschaft f\u00fcr Trauma und Dissoziation (DGTD), Kassel.<\/li>\n<li>Susanne Leutner, Dipl.-Psych., Psychotraumatologin, Psychotraumatologische Supervision, Vizepr\u00e4sidentin von EMDRIA e.V., Praxis Bonn.<\/li>\n<li>Dr. Lutz Besser, Facharzt f\u00fcr Psychiatrie und Psychotherapie, KJP Psychiater, Leiter des Zentrums f\u00fcr Psychotraumatologie und Traumatherapie Niedersachsen.<\/li>\n<li>Prof. Wolfgang U. Eckart, Direktor des Instituts f\u00fcr Geschichte und Ethik der Medizin, Heidelberg.<\/li>\n<li>Prof. Dr. G\u00fcnter Seidler, Leiter der Psychotraumatologie an der Universit\u00e4t Heidelberg<\/li>\n<li>Prof. Dr. Franz Ruppert, Psychologischer Psychotherapeut, Professor f\u00fcr Psychologie, M\u00fcnchen.<\/li>\n<li>Dr. Muriel Salmona, Psychiaterin, Psychotraumatologin, Pr\u00e4sidentin \u00ab\u00a0M\u00e9moire Traumatique et Victimologie\u00a0\u00bb, Paris.<\/li>\n<li>Karin H\u00fcbner, Praxis f\u00fcr analytische Kinder- und Jugendlichen-Psychiatrie, Karlsruhe.<\/li>\n<li>Brigitte Jahnke, Dipl.- Psych., Praxis f\u00fcr Psychotherapie, Bad Salzuflen.<\/li>\n<li>\u00a0Elke K\u00fcgler,\u00a0Dipl.-Psych., Traumatherapeutin, Hamburg<\/li>\n<li>Anja Lechleitner, Dipl.-Psych., Worms.<\/li>\n<li>Andrea Melo, Familientherapeutin, Drammen\/Norwegen.<\/li>\n<li>Katja Paternoga, Praxis f\u00fcr Kinder- und Jugendlichen-Psychiatrie, Rathenow.<\/li>\n<li>Uschi Timm-Winkmann, Dipl.-Psych., Tiefenpsychologin, Praxis Karlsruhe.<\/li>\n<li>Mia Thiel, Notruf f\u00fcr vergewaltigte Frauen und M\u00e4dchen Mainz.<\/li>\n<li>B\u00e4rbel Misch, Dipl. Soz. Wiss., Wuppertal, Germany.<\/li>\n<li>P\u00e4d. Ingrid Voshans, Dipl. Soz., Psychotherapeutische Praxis f\u00fcr Tiefenpsychologie f\u00fcr Erwachsene und psychoanalythische K &amp;\u00a0J\u00a0Psychotherapie, Bad Nenndorf und Seelze.<\/li>\n<li>Sabine Auschra, Psychiaterin, niedergelassene Kinder- und Jugendpsychiaterin, EMDR-Therapeutin, Braunschweig.<\/li>\n<li>Johannes Kleinstreuer, Dipl.-Psych., Zentrum f\u00fcr Beratung und Therapie, Wiesbaden.<\/li>\n<li>Antje Leopold, Dipl.-Psych., Psychologische Psychotherapeutin, Zentrum f\u00fcr Beratung und Therapie, Wiesbaden.<\/li>\n<li>Anka Krug, Dipl.-Psych., Dipl. Soz. P\u00e4d., Praxis f\u00fcr Psychotherapie, Musiktherapie und Supervision, Karlsruhe.<\/li>\n<li>Anna Barbara Hackenbracht, Psychologische Psychotherapietin, MA. Dipl.-Psych., Traumatherapeutin, Ludwigshafen.<\/li>\n<li>Beatrice Ortlepp, Dipl. P\u00e4dagogin., Maurerin, Kastanienhof, Neu Kosenow.<\/li>\n<li>Ingrid Berwanger, Dipl. P\u00e4dagogin, Eheberaterin, Psychotherapeutin, Ehe- und Familienberatung. Coburg.<\/li>\n<li>Hans Berwanger, Dipl.-Psych., Psychologische Psychotherapeut, Ehe- und Familienberatung, Coburg.<\/li>\n<li>Silvia Anna Brinkmann, Fach\u00e4rztin f\u00fcr Psychiatrie und Psychotherapie, Heidelberg.<\/li>\n<li>Irina Lange, \u00c4rztin, Rastatt.<\/li>\n<li>Shiva Yamini-Aiff, Dipl. Kunsttherapeutin, Regensburg.<\/li>\n<li>Ulrike Reddemann,\u00a0Psychologische Psychotherapeutin, Psychotraumatologin, Supervisorin, Praxis in Esslingen.<\/li>\n<li>Linda Beeking, Psychologische Psychotherapeutin, Psychotraumatologin, Supervisorin und Fortbildungst\u00e4tigkeit in Traumatherapie, Vorstandsmitglied der DGTD, Praxis in Ehingen.<\/li>\n<li>Tanja Rahm, d\u00e4nische Aussteigerin und Therapeutin, D\u00e4nemark.<\/li>\n<li>Polina Hilsenbeck, Dipl.- Psych., ehemalige Gesch\u00e4ftsf\u00fchrerin des Frauentherapiezentrum M\u00fcnchen.<\/li>\n<li>Christiane Caspary, Dipl.-Psych., Psychologische Psychotherapeutin, Frauentherapiezentrum, M\u00fcnchen.<\/li>\n<li>Claudia Urban, Kinderpflegerin, N\u00fcrnberg.<\/li>\n<li>Daniela Gretz, Diplom Psychologin, Frauenberatungsstelle, Karlsruhe.<\/li>\n<li>Leyla Baran, Frauenberatungsstelle, Karlsruhe.<\/li>\n<li>Angelika Thoma, Dipl.-Psych., Psychotherapeutin, EMDR-Therapeutin, Karlsruhe.<\/li>\n<li>Julia Ha\u00dfler, Dipl.- Psych., Psychotherapeutin, Karlsruhe.<\/li>\n<li>Christina Heusel, Dipl.- Psych., Psychologische Psychotherapeutin, Ottersheim.<\/li>\n<li>Martina Sp\u00f6ring, Dipl.- Psych., Psychologische Psychotherapeutin, M\u00fcllheim a.d. Ruhr.<\/li>\n<li>Manfred Edinger, Psychologischer Psychotherapeut, Psychoanalytiker, M\u00fcnchen.<\/li>\n<li>Eva Seigerschmidt, Dipl.- Psych., Psychologische Psychotherapeutin, Supervisorin und Lehrtherapeutin, M\u00fcnchen.<\/li>\n<li>Dr. Claudia Su\u00dfmann, Psychologische Psychotherapeutin, Traumatherapeutin, M\u00fcnchen.<\/li>\n<li>Astrid Hubmann, Dipl.- Psych., Psychologische Psychotherapeutin, Psychoonkologin, Traumatherapeutin, Regensburg.<\/li>\n<li>Dr. Claudia Uhl, Fach\u00e4rztin f\u00fcr Psychiatrie und Psychotherapie, Psychotraumamtologie, Erhingen.<\/li>\n<li>Christine B\u00fchler, Psychologische Psychotherapeutin, Traumatherapeutin, Ottersheim.<\/li>\n<li>Carmen G\u00f6th, Ergotherapeutin, Casemanagerin DGCC, Mannheim.<\/li>\n<li>Peter Walzberg, Dipl. Paar- und Familientherapeut, Fachtherapeut f\u00fcr Psychotraumatologie und Traumap\u00e4dagogik, Klinik f\u00fcr Frauen &amp; Kinder sowie in einer Praxis t\u00e4tig, Oldenburg.<\/li>\n<li>Marie, Survivor (Aussteigerin der Prostitution), Space Germany.<\/li>\n<li>Huschke Mau, Survivor (Aussteigerin der Prostitution), Space Germany.<\/li>\n<li>B\u00e4rbel Rockstroh, Heilpraktikerin f\u00fcr Psychotherapie, M\u00fcnstertal.<\/li>\n<li>Sebastian Rockstroh, Heilpraktiker f\u00fcr Psychotherapie, M\u00fcnstertal.<\/li>\n<li>Firdes Ceylan, Heilpraktikerin f\u00fcr Psychotherapie, Gr\u00fcnberg.<\/li>\n<li>Renate Uzun-Raming, Dipl. Soz., Psychiatrische Beratung, Frauentherapiezentrum, M\u00fcnchen.<\/li>\n<li>Margret G\u00f6th, Kinder und Jugendpsychotherapeutin, Psychodrama-Therapeutin, Mannheim.<\/li>\n<li>Kerstin Zander, Gr\u00fcnderin und Betreiberin von Re-empowerment.de, gr\u00f6sstes deutschsprachiges Selbsthilfeforum f\u00fcr Frauen, die Gewalt in ihren Beziehungen erlebt haben, Hamburg.<\/li>\n<li>Ulrike Lehmann, bergisch Gladbach.<\/li>\n<li>Wiebke Wendt, Hebamme und Familienhebamme, SAFE Mentorin, Hamburg.<\/li>\n<li>Andrea Breuer, Heilpraktikerin f\u00fcr Psychotherapie, Trauma- und K\u00f6rperpsychotherapie, Hamburg.<\/li>\n<li>Emer Seilern, Psychologische Psychotherapeutin, M\u00fcnchen.<\/li>\n<li>Sylvia Asmus, Diplompsychologin, Psychologische Psychotherapeutin, Frauentherapiezentrum M\u00fcnchen.<\/li>\n<li>Sabine Kallauch, Fachberaterin bei sexuellem Missbrauch, Leitung Herzwerk (Initiative f\u00fcr Menschen in Prostitution), Wien.<\/li>\n<li>Karoline Krause, Kunsttherapeutin, Erfurt.<\/li>\n<li>Maren Hoffmeister, Kinder- und Jugendtherapeutin, Traumatherapeutin, Praxis f\u00fcr Systemische Therapie und Beratung, Seesen.<\/li>\n<li>Christina K\u00f6sl, Diplom Sozialp\u00e4dagogin, Kempten.<\/li>\n<li>Kathrin Hillermann, Dipl. Kunsttherapeutin, Psychotherapeutin, T\u00fcbingen.<\/li>\n<li>Dr. Annedore Schiffer, Psychotherapeutin, Bindungsanalytikerin, Traumatherapeutin, Krefeld-Stratum.<\/li>\n<li>Ulrike Keller-Goodwin, Psychologische Beraterin, Regensburg.<\/li>\n<li>Kristina Meese, Sprachheilp\u00e4dagogin, Dortmund.<\/li>\n<li>Elke Amberg, Fachjournalistin, M\u00fcnchen.<\/li>\n<li>Klaus Schlagmann, Diplompsychologe &amp; Psychotherapeut, Saarbr\u00fccken.<\/li>\n<li>Ulrika Leuering, Dipl.- Sozialarbeiterin, Systemische Beraterin, Traumap\u00e4dagogin, M\u00fcnster.<\/li>\n<li>Gabriela Herwig, Personalberaterin, Berlin.<\/li>\n<li>Andrea Leipner, TRE-Providerin (Tension-Stress-Trauma Release), Yogalehrerin, D\u00fcsseldorf.<\/li>\n<li>Daniela Schaab, P\u00e4dagogin M.A., FrauenTherapieZentrum, M\u00fcnchen.<\/li>\n<li>Gisela Jaspersen, Dipl.-Psych., Psychologische Psychotherapeutin, Luckau (Wendland).<\/li>\n<li>Verena Seischab, M.A. P\u00e4dagogin, Mitarbeit Gesch\u00e4ftsf\u00fchrung, Kolping, M\u00fcnchen.<\/li>\n<li>Heiko Jungh\u00e4rtchen, Arzt und Psychotherapeut, Kiel.<\/li>\n<li>Dr. Margot D. Kreuzer, Fach\u00e4rztin f\u00fcr Psychosomatische Medizin, Psychotherapie, Psychoanalyse, Psychotraumatologin, Rosenheim.<\/li>\n<li>Christian Engbrocks, t\u00e4tig als Arzt auf einer traumtherapeutischen Schwerpunktstation, Privatklinik Meiningen, Schweiz.<\/li>\n<li>Gabriele P\u00f6ndl, M.A. Kunst-Psychotherapie, Psychotraumatologie (EMDR, PITT), Psychotherapie (HPG). Wissenschaftsjournalistin (DJV), Uttenweiler.<\/li>\n<li>Norbert Koch, Heilpraktiker und Osteopath, Berlin.<\/li>\n<li>Charlotte Rutz, Dipl.-Psych., Kinder- und Jugendpsychotherapeutin, Marburg.<\/li>\n<li>Dr. Aurelia Fazeli, \u00c4rztin, K\u00f6ln.<\/li>\n<li>Dr. Andrea Christidis, Verhaltenstherapeutin, Systematische Therapeutin, Gie\u00dfen.<\/li>\n<li>Sr. Wiltrud Birgit Maag, Dipl.-Psych., Psychologische Psychotherapeutin, Traumatherapeutin, Baden-Baden.<\/li>\n<li>Elisabeth Schlingheide, Sozialp\u00e4dagogin B.A., Sozialarbeiterin, systemisch-integrative Sozialtherapeutin, Hamburg.<\/li>\n<li>Regine Sir\u00e9, M.A. P\u00e4dagogik, Krankenschwester mit Berufserfahrung mit mehrfach traumatisierten Jugendlichen, M\u00fcnchen.<\/li>\n<li>Heike Scheuerbrandt, Zahn\u00e4rztin\u00a0mit wissenschaftlichem Interessenschwerpunkt f\u00fcr Angstst\u00f6rungen und komplexer PTBS, Eichenau.<\/li>\n<li>Markus Biebel, Dipl.-Psychologe, Dipl.-Sozialp\u00e4dagoge, Psychologischer Psychotherapeut, Psychotraumatologie (DeGPT), Bad S\u00e4ckingen.<\/li>\n<li>Oliver Schubbe, Dipl.-Psych., Institut f\u00fcr Traumatherapie Oliver Schubbe, Berlin.<\/li>\n<li>Dr. Brigitte Schmid-Hagenmeyer, Psychologische Psychotherapeutin, Traumatherapeutin, Karlsruhe.<\/li>\n<li>Claudia Flaving, Dipl.-Psych., Psychotherapeutin, Unna.<\/li>\n<li>Roswitha Fischer, Heilpraktikerin f\u00fcr Psychotherapie, Delbr\u00fcck.<\/li>\n<li>Monika Enderle, Ober\u00e4rztin der psychosomatischen Klinik Aalen mit Schwerpunkt Psychotraumatologie, Aalen.<\/li>\n<li>Paul D\u00fclks, Psychologischer Psychotherapeut, Klinik Raum Kassel.<\/li>\n<li>Veronika Moers, Psychologische Psychotherapeutin, Kassel.<\/li>\n<li>Malene Budde, Dipl.- Sozp\u00e4d., Psychotraumatologin, Psychotraumatologische Supervision, Psychotherapeutische Praxis f\u00fcr Erwachsene- Kinder &amp; Jugendliche, D\u00fcsseldorf.<\/li>\n<li>Inga Gerckens, Sozial\u00f6konomin B.A., Leitung Mission Freedom Home, Hamburg.<\/li>\n<li>Carla Kraus, Psychologin M.Sc., Traumatherapeutin, Fulda.<\/li>\n<li>Dr. Claudia Hiltner, \u00c4rztin f\u00fcr Psychotherapie und Psychiatrie, F\u00fcrstenfeldbruck.<\/li>\n<li>Anne Ehrlich, Dipl.-Psych., Psychologische Psychotherapeutin und Beraterin (SG), Berlin.<\/li>\n<li>Karin Eibl, HP-Psych., Praxis f\u00fcr k\u00f6rperorientierte Psychotherapie und Traumatherapie, M\u00fcnchen.<\/li>\n<li>Patricia Billaudelle, Psychologin, M. Sc., Kolbermoor.<\/li>\n<li>Alexandra Ackermann, Dipl.-Psych., Frauen- und M\u00e4dchennotruf, Fachstelle bei sexualisierter Gewalt, Speyer.<\/li>\n<li>Barbara Rutz, Heilpraktikerin und Traumatherapeutin, Frieberg.<\/li>\n<li>Claudia Koch, Dipl.-Psych., Klinische Neuropsychologin GNP, M\u00fcnchen.<\/li>\n<li>Alexandra Otto, Dipl.-Psych., Betreutes Einzelwohnen, Frauentherapiezentrum M\u00fcnchen.<\/li>\n<li>Gregor Thiem, Dipl.-Psych., PP, Ehe- &amp; Familienberater, Traumatherapie, Praxis in Alzenau.<\/li>\n<li>Susanne Porzelt, Dipl.- Sozialp\u00e4dagogin\/FH, Systematische Familientherapeutin, Traumatherapeutin, Wildwasser W\u00fcrzburg.<\/li>\n<li>Jette Walla, Dipl.-Sozialp\u00e4dagogin, Gestalttherapie, Fachberaterin Psychotraumatologie, Frauen- und M\u00e4dchenberatung bei sexueller Gewalt e.V., Braunschweig.<\/li>\n<li>Barbara Holzer-Tize, Psychologin, Psychotherapeutin, Traumatherapeutin DeGPT, Graz\/\u00d6sterreich.<\/li>\n<li>Dr. Sonja Brockmeier, Tiefenpsychologisch fundierte Psychotherapie, Schwerpunkt traumazentrierte Psychotherapie, Berlin.<\/li>\n<li>Petra Weihrauch-Schmachtenberg, Kinder- und Jugendlichen-Psychotherapeutin, Spezielle Psychotraumatherapie DeGPT, EMDRIA, Praxis in Aachen.<\/li>\n<li>Janna Bachner, Dipl.-Psych., PP, Psychotraumatherapie DeGPT, Praxis in Bad Neustadt.<\/li>\n<li>Isabel Lopez Fiesta, Dipl.-Psych., PP, Psychotherapie u.A. auch mit komplex traumatisierten und dissoziativen KlientInnen, Praxis in Dortmund.<\/li>\n<li>Moon Stegk, Gestalttherapeutin und Heilpraktikerin f\u00fcr Psychotherapie, Traumatherapie, Praxis in L\u00fcbeck.<\/li>\n<li>Andreas Rivoir, Facharzt f\u00fcr Neurologie, T\u00e4tig im MVZ AnthroMed \u00d6schelbronn wo viele traumatisierte PatientInnen versorgt werden, \u00d6schelbronn.<\/li>\n<li>Belinda Werner-Akila, Kinder- und Jugendlichenpsychotherapeutin und Traumatherapeutin (in Ausbildung), Grafing bei M\u00fcnchen.<\/li>\n<li>Christiane R\u00f6thlein, Dipl.-Psych., PP, Traumatherapeutin, Kronach.<\/li>\n<li>Susanne Rivoir, Heilpraktikerin f\u00fcr Psychotherapie, Traumatherapie mit sexuell traumatisierten Frauen, Gr\u00fcnderin der Initiative Traumanetzwerk, Niefern-\u00d6schelbronn.<\/li>\n<li>Dr. med. Margarethe Philipp, Fach\u00e4rztin f\u00fcr Psychiatrie und Neurologie, Psychotherapie, Rehabilitationswesen, Spezielle Psychotraumatherapie DeGPT, Dernbach.<\/li>\n<li>Ute Bluhm-Diethsche, Fach\u00e4rztin f\u00fcr Psychosomatische Medizin und Psychotherapie, F\u00c4 f\u00fcr Allgemeinmedizin, Schwerpunkt: Behandlung von Menschen mit Traumafolgest\u00f6rungen und u.a. Dissoziation St\u00f6rungen, Praxis in Bielefeld.<\/li>\n<li>Daniela Obermaier, Dipl.-Sozialp\u00e4dagogin, Psychotherapeutin (gem. HPG), Psychotraumatologie u. Traumatherapie, Dorfen.<\/li>\n<li>Sylvia He\u00df, P\u00e4dagogin, Heilpraktikerin Psychotherapie, Kunsttherapeutin, K\u00f6rperpsychotherapeutin, Kassel\/G\u00f6ttingen.<\/li>\n<li>Andrea Fieber, Psychologische Psychotherapeutin, Traumatherapeutin (DeGPT, EMDRIA), Psychonkologin (DKG), Offenbach.<\/li>\n<li>Andrea Schlott, Dipl.-Psych., Psychologische Psychotherapeutin, Praxis in Bad Schwartau.<\/li>\n<li>Regina Clasen, \u00c4rztin f\u00fcr Psychotherapeutische Medizin, Traumatherapeutin, M\u00f6nchengladbach.<\/li>\n<li>Irene Rosenk\u00f6tter, Fach\u00e4rztin f\u00fcr Psychiatrie, Psychotherapie, Neurologie, Frankfurt.<\/li>\n<li>Birgit L\u00f6wenbr\u00fcck, Dipl.-P\u00e4dagogin, HP f\u00fcr Psychotherapie mit \u00a0Schwerpunkt Traumatherapie und TCTSY-F\/Trainerin, Leiterin einer Kriseneinrichtung f\u00fcr Kinder und eines Kinderpflegedienstes, arbeitet mit komplex traumatisierten Frauen, Berlin.<\/li>\n<li>Rita Freihaut, Dipl.-Psych., PP, Tiefenpsychologie, EMDR, Praxis Gie\u00dfen.<\/li>\n<li>Dr. med. Susanne Hartmann, Tiefenpsychologische Psychotherapie, EMDR, Landhut.<\/li>\n<li>Dr. Christian Firus, FA f. Psychosomatische Medizin und Psychotherapie, FA f\u00fcr Psychiatrie, Traumatherapie, RehaZentren Baden-W\u00fcrttemberg, Glottertal.<\/li>\n<li>Sabine Nil\u00dfon, Ergotherapeuten (in Ausbildung), Hilfe beim Abstieg aus der Prostitution, L\u00fcbeck.<\/li>\n<li>Angelika Salmen, Dipl.-Psych., Sexualtherapeutin, Hamburg.<\/li>\n<li>Roswitha Gemke, Dipl.-Sozialp\u00e4dagogin, Kinder- und Jugendlichen Gestalttherapie (HP), Frauen- &amp; M\u00e4dchenberatung bei sexueller Gewalt e.V. Braunschweig.<\/li>\n<li>Kristina Frigge, Dipl.-Psychologin, Traumafachberaterin und Gestalttherapeutin, Frauenberatungsstelle Lilith in Paderborn.<\/li>\n<li>Roswitha Neumann, Dipl.-Psychologin, Psychologische Psychotherapeutin (Tiefenpsychologie), Berlin.<\/li>\n<li>Sandra Norak, \u00dcberlebende der Prostitution und angehende Juristin, Deutschland.<\/li>\n<li>Pascale-Marie Sahin, Psychologische Psychotherapeutin, Ludwigsburg.<\/li>\n<li>Dr. Corona Schmid, M\u00fcnchen.<\/li>\n<li>B\u00e4rbel Rockstroh, Heilpraktikerin f\u00fcr Psychotherapie, M\u00fcnstertal.<\/li>\n<li>Dr. Franziska Leutner, Dipl.- Psych., Bonn.<\/li>\n<li>Uri Eiger, Dipl.-Psych., Psychologischer Psychotherapeut, Bonn.<\/li>\n<li>Katharina Leutner, Bonn.<\/li>\n<li>Sabine Constable, Sozialarbeiterin, 1. Vorsitzende von Sisters e.V., Stuttgart.<\/li>\n<li>Solveig Senft, Lehrerin, Sisters e.V., Stuttgart.<\/li>\n<li>Karen Ehlers, Ingenieurin, Sisters e.V., Stuttgart.<\/li>\n<li>Daniela Hast, Diplom-P\u00e4dagogin und Systemische Therapeutin, Diplom-P\u00e4dagogin in der Vitos gGmbH (ambulant betreutes Wohnen), Mittenaar.<\/li>\n<li>Marita Sicheneder, Kinder-und Jugendlichenpsychotherapeutin, Traumatherapeutin, Praxen in W\u00fcrzburg und Riedenberg.<\/li>\n<li>Dr. med. Richard Heil, Praxis Richard Heil Mannheim.<\/li>\n<li>Simone Eiche, Dipl.- Psych., Gesch\u00e4ftsf\u00fchrerin Frauen Therapie Zentrum M\u00fcnchen.<\/li>\n<li>Erika Korn, TERRE DES FEMMES e.V. Konstanz.<\/li>\n<li>Dr. med. Heribert Moorkamp, Facharzt f\u00fcr Psychiatrie, Facharzt f\u00fcr psychosomatische Medizin und Psychotherapie, Bad Honnef.<\/li>\n<li>Kerstin L\u00f6wenstein, Diplom-Biologin, Heilpraktikerin f\u00fcr Psychotherapie, Dipl. Tanz-\/Ausdruckstherapeutin, Supervisorin, Ausbilderin, Lehrtherapeutin, Yoga-Lehrerin, Yoga-Therapeutin, Praxis f\u00fcr K\u00f6rperpsychotherapie, Yoga und Gesundheitstraining, Bad Honnef.<\/li>\n<li>Imke Chirsten Voet, Heilpraktikerin f\u00fcr Psychotherapie, Supervisorin Seminarleiterin, ex.Krankenschwester, Elmshorn.<\/li>\n<li>Rudolf M\u00fcller-Schwefe, Dipl.-P\u00e4d., HP Psychotherapie, EMDR- und K\u00f6rperorientierte Traumatherapie, Augsburg.<\/li>\n<li>Selina Sommer, Sozialp\u00e4dagogin\/Sozialarbeiterin (B. A.) und systemische Traumatherapeutin, Arbeit mit teilweise schwer Traumatisierten Erwachsenen und Kindern bzw. Jugendlichen, heute Beratungsstelle bei Gewalt im Sozialen Nahraum, Karlsruhe.<\/li>\n<li>Annette Kaiser-Tiede, Heilpraktikerin f\u00fcr Psychotherapie, Traumatherapeutin, Hamburg.<\/li>\n<li>Elke Hammelstein, Kunsttherapeutin, Stuttgart.<\/li>\n<li>Benjamin Plasa, Traumap\u00e4dagoge, K\u00f6ln.<\/li>\n<li>Ingrid Schott, Dipl.-Psych, Psychologische Psychotherapeutin, Praxis in Hann. M\u00fcnden.<\/li>\n<li>Dr. Herta Hoffmann-Widhalm, Psychotherapeutin, Lehrtherapeutin und Lehrsupervisorin, Traumafolgentherapie, Praxis in Wien.<\/li>\n<li>Beate Hauschild, Dipl.-Psych., Psychologische Psychotherapeutin (TP), Psychotraumatherapie OPK, Rathenow.<\/li>\n<li>Markus Dewald, Dipl.- Psych., Psychologischer Psychotherapeut, Schwerpunkt Traumatherapie, Praxis in Heidelberg.<\/li>\n<li>Iris Straube, Dipl.-P\u00e4d., Praxis f\u00fcr Hypnosystemische Therapie, Mediation, Supervision und Coaching, Traumatherapie, L\u00fcbeck.<\/li>\n<li>Ulrich Sa\u00dfmann, Gestalttherapeut, Paartherapeut, Lehrtherapeut, Traumatherapie, Praxis f\u00fcr Psychotherapie in Rottenburg.<\/li>\n<li>Sabine Reinecke, Psychologische Psychotherapeutin, Berlin.<\/li>\n<li>Bettina Vogt, Dipl.-Psych., Psychologische Psychotherapeutin mit Schwerpunkt Traumatherapie, Schenefeld.<\/li>\n<\/ol>\n","protected":false},"excerpt":{"rendered":"<p>Dr. Ingeborg Kraus, Dipl.- Psych., Psychologische Psychotherapeutin, Initiatorin des Appells, Praxis f\u00fcr Erwachsenentherapie, Karlsruhe. Michaela Huber, Dipl.-Psych., Psychologische Psychotherapeutin, Erstunterzeichnerin, Vorsitzende der Deutschen Gesellschaft f\u00fcr Trauma und Dissoziation (DGTD), Kassel. Susanne Leutner, Dipl.-Psych., Psychotraumatologin, Psychotraumatologische Supervision, Vizepr\u00e4sidentin von EMDRIA e.V., Praxis Bonn. Dr. Lutz Besser, Facharzt f\u00fcr Psychiatrie und Psychotherapie, KJP Psychiater, Leiter des Zentrums [&hellip;]<\/p>\n","protected":false},"author":1,"featured_media":0,"parent":0,"menu_order":5,"comment_status":"open","ping_status":"open","template":"","meta":[],"_links":{"self":[{"href":"https:\/\/www.trauma-and-prostitution.eu\/fr\/wp-json\/wp\/v2\/pages\/25"}],"collection":[{"href":"https:\/\/www.trauma-and-prostitution.eu\/fr\/wp-json\/wp\/v2\/pages"}],"about":[{"href":"https:\/\/www.trauma-and-prostitution.eu\/fr\/wp-json\/wp\/v2\/types\/page"}],"author":[{"embeddable":true,"href":"https:\/\/www.trauma-and-prostitution.eu\/fr\/wp-json\/wp\/v2\/users\/1"}],"replies":[{"embeddable":true,"href":"https:\/\/www.trauma-and-prostitution.eu\/fr\/wp-json\/wp\/v2\/comments?post=25"}],"version-history":[{"count":25,"href":"https:\/\/www.trauma-and-prostitution.eu\/fr\/wp-json\/wp\/v2\/pages\/25\/revisions"}],"predecessor-version":[{"id":413,"href":"https:\/\/www.trauma-and-prostitution.eu\/fr\/wp-json\/wp\/v2\/pages\/25\/revisions\/413"}],"wp:attachment":[{"href":"https:\/\/www.trauma-and-prostitution.eu\/fr\/wp-json\/wp\/v2\/media?parent=25"}],"curies":[{"name":"wp","href":"https:\/\/api.w.org\/{rel}","templated":true}]}}